{"id":14063,"date":"2022-07-25T16:32:09","date_gmt":"2022-07-25T16:32:09","guid":{"rendered":"https:\/\/equadis.com\/offres-demplois\/"},"modified":"2024-03-21T05:38:26","modified_gmt":"2024-03-21T05:38:26","slug":"offerte-di-lavoro","status":"publish","type":"page","link":"https:\/\/equadis.puree.maison\/it\/offerte-di-lavoro\/","title":{"rendered":"Offerte di lavoro"},"content":{"rendered":"","protected":false},"excerpt":{"rendered":"","protected":false},"author":1,"featured_media":0,"parent":0,"menu_order":0,"comment_status":"closed","ping_status":"closed","template":"templateJobOffers.php","meta":{"_acf_changed":false,"inline_featured_image":false,"footnotes":""},"acf":[],"yoast_head":"<!-- This site is optimized with the Yoast SEO plugin v22.2 - https:\/\/yoast.com\/wordpress\/plugins\/seo\/ -->\n<title>Offerte di lavoro - Equadis<\/title>\n<meta name=\"description\" content=\"Envie de challenges ? Retrouvez nos offres d&#039;emplois pour rejoindre les \u00e9quipes Equadis, \u00e0 l&#039;international ou pr\u00e8s de chez vous.\" \/>\n<meta name=\"robots\" content=\"index, follow, max-snippet:-1, max-image-preview:large, max-video-preview:-1\" \/>\n<link rel=\"canonical\" href=\"https:\/\/equadis.puree.maison\/it\/offerte-di-lavoro\/\" \/>\n<meta property=\"og:locale\" content=\"it_IT\" \/>\n<meta property=\"og:type\" content=\"article\" \/>\n<meta property=\"og:title\" content=\"Offerte di lavoro - Equadis\" \/>\n<meta property=\"og:description\" content=\"Envie de challenges ? Retrouvez nos offres d&#039;emplois pour rejoindre les \u00e9quipes Equadis, \u00e0 l&#039;international ou pr\u00e8s de chez vous.\" \/>\n<meta property=\"og:url\" content=\"https:\/\/equadis.puree.maison\/it\/offerte-di-lavoro\/\" \/>\n<meta property=\"og:site_name\" content=\"Equadis\" \/>\n<meta property=\"article:modified_time\" content=\"2024-03-21T05:38:26+00:00\" \/>\n<meta name=\"twitter:card\" content=\"summary_large_image\" \/>\n<script type=\"application\/ld+json\" class=\"yoast-schema-graph\">{\"@context\":\"https:\/\/schema.org\",\"@graph\":[{\"@type\":\"WebPage\",\"@id\":\"https:\/\/equadis.puree.maison\/it\/offerte-di-lavoro\/\",\"url\":\"https:\/\/equadis.puree.maison\/it\/offerte-di-lavoro\/\",\"name\":\"Offerte di lavoro - Equadis\",\"isPartOf\":{\"@id\":\"https:\/\/equadis.puree.maison\/it\/#website\"},\"datePublished\":\"2022-07-25T16:32:09+00:00\",\"dateModified\":\"2024-03-21T05:38:26+00:00\",\"description\":\"Envie de challenges ? Retrouvez nos offres d'emplois pour rejoindre les \u00e9quipes Equadis, \u00e0 l'international ou pr\u00e8s de chez vous.\",\"breadcrumb\":{\"@id\":\"https:\/\/equadis.puree.maison\/it\/offerte-di-lavoro\/#breadcrumb\"},\"inLanguage\":\"it-IT\",\"potentialAction\":[{\"@type\":\"ReadAction\",\"target\":[\"https:\/\/equadis.puree.maison\/it\/offerte-di-lavoro\/\"]}]},{\"@type\":\"BreadcrumbList\",\"@id\":\"https:\/\/equadis.puree.maison\/it\/offerte-di-lavoro\/#breadcrumb\",\"itemListElement\":[{\"@type\":\"ListItem\",\"position\":1,\"name\":\"Accueil\",\"item\":\"https:\/\/equadis.puree.maison\/it\/\"},{\"@type\":\"ListItem\",\"position\":2,\"name\":\"Offerte di lavoro\"}]},{\"@type\":\"WebSite\",\"@id\":\"https:\/\/equadis.puree.maison\/it\/#website\",\"url\":\"https:\/\/equadis.puree.maison\/it\/\",\"name\":\"Equadis\",\"description\":\"Just another WordPress site\",\"potentialAction\":[{\"@type\":\"SearchAction\",\"target\":{\"@type\":\"EntryPoint\",\"urlTemplate\":\"https:\/\/equadis.puree.maison\/it\/?s={search_term_string}\"},\"query-input\":\"required name=search_term_string\"}],\"inLanguage\":\"it-IT\"}]}<\/script>\n<!-- \/ Yoast SEO plugin. -->","yoast_head_json":{"title":"Offerte di lavoro - Equadis","description":"Envie de challenges ? Retrouvez nos offres d'emplois pour rejoindre les \u00e9quipes Equadis, \u00e0 l'international ou pr\u00e8s de chez vous.","robots":{"index":"index","follow":"follow","max-snippet":"max-snippet:-1","max-image-preview":"max-image-preview:large","max-video-preview":"max-video-preview:-1"},"canonical":"https:\/\/equadis.puree.maison\/it\/offerte-di-lavoro\/","og_locale":"it_IT","og_type":"article","og_title":"Offerte di lavoro - Equadis","og_description":"Envie de challenges ? Retrouvez nos offres d'emplois pour rejoindre les \u00e9quipes Equadis, \u00e0 l'international ou pr\u00e8s de chez vous.","og_url":"https:\/\/equadis.puree.maison\/it\/offerte-di-lavoro\/","og_site_name":"Equadis","article_modified_time":"2024-03-21T05:38:26+00:00","twitter_card":"summary_large_image","schema":{"@context":"https:\/\/schema.org","@graph":[{"@type":"WebPage","@id":"https:\/\/equadis.puree.maison\/it\/offerte-di-lavoro\/","url":"https:\/\/equadis.puree.maison\/it\/offerte-di-lavoro\/","name":"Offerte di lavoro - Equadis","isPartOf":{"@id":"https:\/\/equadis.puree.maison\/it\/#website"},"datePublished":"2022-07-25T16:32:09+00:00","dateModified":"2024-03-21T05:38:26+00:00","description":"Envie de challenges ? Retrouvez nos offres d'emplois pour rejoindre les \u00e9quipes Equadis, \u00e0 l'international ou pr\u00e8s de chez vous.","breadcrumb":{"@id":"https:\/\/equadis.puree.maison\/it\/offerte-di-lavoro\/#breadcrumb"},"inLanguage":"it-IT","potentialAction":[{"@type":"ReadAction","target":["https:\/\/equadis.puree.maison\/it\/offerte-di-lavoro\/"]}]},{"@type":"BreadcrumbList","@id":"https:\/\/equadis.puree.maison\/it\/offerte-di-lavoro\/#breadcrumb","itemListElement":[{"@type":"ListItem","position":1,"name":"Accueil","item":"https:\/\/equadis.puree.maison\/it\/"},{"@type":"ListItem","position":2,"name":"Offerte di lavoro"}]},{"@type":"WebSite","@id":"https:\/\/equadis.puree.maison\/it\/#website","url":"https:\/\/equadis.puree.maison\/it\/","name":"Equadis","description":"Just another WordPress site","potentialAction":[{"@type":"SearchAction","target":{"@type":"EntryPoint","urlTemplate":"https:\/\/equadis.puree.maison\/it\/?s={search_term_string}"},"query-input":"required name=search_term_string"}],"inLanguage":"it-IT"}]}},"_links":{"self":[{"href":"https:\/\/equadis.puree.maison\/it\/wp-json\/wp\/v2\/pages\/14063"}],"collection":[{"href":"https:\/\/equadis.puree.maison\/it\/wp-json\/wp\/v2\/pages"}],"about":[{"href":"https:\/\/equadis.puree.maison\/it\/wp-json\/wp\/v2\/types\/page"}],"author":[{"embeddable":true,"href":"https:\/\/equadis.puree.maison\/it\/wp-json\/wp\/v2\/users\/1"}],"replies":[{"embeddable":true,"href":"https:\/\/equadis.puree.maison\/it\/wp-json\/wp\/v2\/comments?post=14063"}],"version-history":[{"count":0,"href":"https:\/\/equadis.puree.maison\/it\/wp-json\/wp\/v2\/pages\/14063\/revisions"}],"wp:attachment":[{"href":"https:\/\/equadis.puree.maison\/it\/wp-json\/wp\/v2\/media?parent=14063"}],"curies":[{"name":"wp","href":"https:\/\/api.w.org\/{rel}","templated":true}]}}