{"id":14066,"date":"2022-07-25T16:10:41","date_gmt":"2022-07-25T16:10:41","guid":{"rendered":"https:\/\/equadis.com\/temoignages-clients\/"},"modified":"2024-03-21T05:36:59","modified_gmt":"2024-03-21T05:36:59","slug":"testimonianze-dei-clienti","status":"publish","type":"page","link":"https:\/\/equadis.puree.maison\/it\/testimonianze-dei-clienti\/","title":{"rendered":"Testimonianze dei clienti"},"content":{"rendered":"","protected":false},"excerpt":{"rendered":"","protected":false},"author":1,"featured_media":0,"parent":0,"menu_order":0,"comment_status":"closed","ping_status":"closed","template":"templateCaseStudies.php","meta":{"_acf_changed":false,"inline_featured_image":false,"footnotes":""},"acf":[],"yoast_head":"<!-- This site is optimized with the Yoast SEO plugin v22.2 - https:\/\/yoast.com\/wordpress\/plugins\/seo\/ -->\n<title>Testimonianze dei clienti - Equadis<\/title>\n<meta name=\"description\" content=\"D\u00e9couvrez les solutions Equadis, la plateforme Gaia et ses fonctionnalit\u00e9s \u00e0 travers les t\u00e9moignages de nos clients et partenaires.\" \/>\n<meta name=\"robots\" content=\"index, follow, max-snippet:-1, max-image-preview:large, max-video-preview:-1\" \/>\n<link rel=\"canonical\" href=\"https:\/\/equadis.puree.maison\/it\/testimonianze-dei-clienti\/\" \/>\n<meta property=\"og:locale\" content=\"it_IT\" \/>\n<meta property=\"og:type\" content=\"article\" \/>\n<meta property=\"og:title\" content=\"Testimonianze dei clienti - Equadis\" \/>\n<meta property=\"og:description\" content=\"D\u00e9couvrez les solutions Equadis, la plateforme Gaia et ses fonctionnalit\u00e9s \u00e0 travers les t\u00e9moignages de nos clients et partenaires.\" \/>\n<meta property=\"og:url\" content=\"https:\/\/equadis.puree.maison\/it\/testimonianze-dei-clienti\/\" \/>\n<meta property=\"og:site_name\" content=\"Equadis\" \/>\n<meta property=\"article:modified_time\" content=\"2024-03-21T05:36:59+00:00\" \/>\n<meta name=\"twitter:card\" content=\"summary_large_image\" \/>\n<script type=\"application\/ld+json\" class=\"yoast-schema-graph\">{\"@context\":\"https:\/\/schema.org\",\"@graph\":[{\"@type\":\"WebPage\",\"@id\":\"https:\/\/equadis.puree.maison\/it\/testimonianze-dei-clienti\/\",\"url\":\"https:\/\/equadis.puree.maison\/it\/testimonianze-dei-clienti\/\",\"name\":\"Testimonianze dei clienti - Equadis\",\"isPartOf\":{\"@id\":\"https:\/\/equadis.puree.maison\/it\/#website\"},\"datePublished\":\"2022-07-25T16:10:41+00:00\",\"dateModified\":\"2024-03-21T05:36:59+00:00\",\"description\":\"D\u00e9couvrez les solutions Equadis, la plateforme Gaia et ses fonctionnalit\u00e9s \u00e0 travers les t\u00e9moignages de nos clients et partenaires.\",\"breadcrumb\":{\"@id\":\"https:\/\/equadis.puree.maison\/it\/testimonianze-dei-clienti\/#breadcrumb\"},\"inLanguage\":\"it-IT\",\"potentialAction\":[{\"@type\":\"ReadAction\",\"target\":[\"https:\/\/equadis.puree.maison\/it\/testimonianze-dei-clienti\/\"]}]},{\"@type\":\"BreadcrumbList\",\"@id\":\"https:\/\/equadis.puree.maison\/it\/testimonianze-dei-clienti\/#breadcrumb\",\"itemListElement\":[{\"@type\":\"ListItem\",\"position\":1,\"name\":\"Accueil\",\"item\":\"https:\/\/equadis.puree.maison\/it\/\"},{\"@type\":\"ListItem\",\"position\":2,\"name\":\"Testimonianze dei clienti\"}]},{\"@type\":\"WebSite\",\"@id\":\"https:\/\/equadis.puree.maison\/it\/#website\",\"url\":\"https:\/\/equadis.puree.maison\/it\/\",\"name\":\"Equadis\",\"description\":\"Just another WordPress site\",\"potentialAction\":[{\"@type\":\"SearchAction\",\"target\":{\"@type\":\"EntryPoint\",\"urlTemplate\":\"https:\/\/equadis.puree.maison\/it\/?s={search_term_string}\"},\"query-input\":\"required name=search_term_string\"}],\"inLanguage\":\"it-IT\"}]}<\/script>\n<!-- \/ Yoast SEO plugin. -->","yoast_head_json":{"title":"Testimonianze dei clienti - Equadis","description":"D\u00e9couvrez les solutions Equadis, la plateforme Gaia et ses fonctionnalit\u00e9s \u00e0 travers les t\u00e9moignages de nos clients et partenaires.","robots":{"index":"index","follow":"follow","max-snippet":"max-snippet:-1","max-image-preview":"max-image-preview:large","max-video-preview":"max-video-preview:-1"},"canonical":"https:\/\/equadis.puree.maison\/it\/testimonianze-dei-clienti\/","og_locale":"it_IT","og_type":"article","og_title":"Testimonianze dei clienti - Equadis","og_description":"D\u00e9couvrez les solutions Equadis, la plateforme Gaia et ses fonctionnalit\u00e9s \u00e0 travers les t\u00e9moignages de nos clients et partenaires.","og_url":"https:\/\/equadis.puree.maison\/it\/testimonianze-dei-clienti\/","og_site_name":"Equadis","article_modified_time":"2024-03-21T05:36:59+00:00","twitter_card":"summary_large_image","schema":{"@context":"https:\/\/schema.org","@graph":[{"@type":"WebPage","@id":"https:\/\/equadis.puree.maison\/it\/testimonianze-dei-clienti\/","url":"https:\/\/equadis.puree.maison\/it\/testimonianze-dei-clienti\/","name":"Testimonianze dei clienti - Equadis","isPartOf":{"@id":"https:\/\/equadis.puree.maison\/it\/#website"},"datePublished":"2022-07-25T16:10:41+00:00","dateModified":"2024-03-21T05:36:59+00:00","description":"D\u00e9couvrez les solutions Equadis, la plateforme Gaia et ses fonctionnalit\u00e9s \u00e0 travers les t\u00e9moignages de nos clients et partenaires.","breadcrumb":{"@id":"https:\/\/equadis.puree.maison\/it\/testimonianze-dei-clienti\/#breadcrumb"},"inLanguage":"it-IT","potentialAction":[{"@type":"ReadAction","target":["https:\/\/equadis.puree.maison\/it\/testimonianze-dei-clienti\/"]}]},{"@type":"BreadcrumbList","@id":"https:\/\/equadis.puree.maison\/it\/testimonianze-dei-clienti\/#breadcrumb","itemListElement":[{"@type":"ListItem","position":1,"name":"Accueil","item":"https:\/\/equadis.puree.maison\/it\/"},{"@type":"ListItem","position":2,"name":"Testimonianze dei clienti"}]},{"@type":"WebSite","@id":"https:\/\/equadis.puree.maison\/it\/#website","url":"https:\/\/equadis.puree.maison\/it\/","name":"Equadis","description":"Just another WordPress site","potentialAction":[{"@type":"SearchAction","target":{"@type":"EntryPoint","urlTemplate":"https:\/\/equadis.puree.maison\/it\/?s={search_term_string}"},"query-input":"required name=search_term_string"}],"inLanguage":"it-IT"}]}},"_links":{"self":[{"href":"https:\/\/equadis.puree.maison\/it\/wp-json\/wp\/v2\/pages\/14066"}],"collection":[{"href":"https:\/\/equadis.puree.maison\/it\/wp-json\/wp\/v2\/pages"}],"about":[{"href":"https:\/\/equadis.puree.maison\/it\/wp-json\/wp\/v2\/types\/page"}],"author":[{"embeddable":true,"href":"https:\/\/equadis.puree.maison\/it\/wp-json\/wp\/v2\/users\/1"}],"replies":[{"embeddable":true,"href":"https:\/\/equadis.puree.maison\/it\/wp-json\/wp\/v2\/comments?post=14066"}],"version-history":[{"count":1,"href":"https:\/\/equadis.puree.maison\/it\/wp-json\/wp\/v2\/pages\/14066\/revisions"}],"predecessor-version":[{"id":14195,"href":"https:\/\/equadis.puree.maison\/it\/wp-json\/wp\/v2\/pages\/14066\/revisions\/14195"}],"wp:attachment":[{"href":"https:\/\/equadis.puree.maison\/it\/wp-json\/wp\/v2\/media?parent=14066"}],"curies":[{"name":"wp","href":"https:\/\/api.w.org\/{rel}","templated":true}]}}